{"id":40,"date":"2023-12-09T15:11:32","date_gmt":"2023-12-09T15:11:32","guid":{"rendered":"https:\/\/kaalund.net\/wordpress\/?page_id=40"},"modified":"2024-09-16T15:48:13","modified_gmt":"2024-09-16T15:48:13","slug":"projekt","status":"publish","type":"page","link":"https:\/\/kaalund.net\/getanzte-stadtmomente\/","title":{"rendered":"Projekt"},"content":{"rendered":"\n<h1 class=\"wp-block-heading\">Projekt<\/h1>\n\n\n\n<div class=\"wp-block-columns is-layout-flex wp-container-core-columns-is-layout-9d6595d7 wp-block-columns-is-layout-flex\">\n<div class=\"wp-block-column is-layout-flow wp-block-column-is-layout-flow\">\n<figure class=\"wp-block-image size-full\"><img loading=\"lazy\" decoding=\"async\" width=\"1000\" height=\"469\" src=\"https:\/\/kaalund.net\/getanzte-stadtmomente\/wp-content\/uploads\/2024\/09\/GSM-Banner-aus-Poster-Entwurf-smaller.jpg\" alt=\"\" class=\"wp-image-470\" srcset=\"https:\/\/kaalund.net\/getanzte-stadtmomente\/wp-content\/uploads\/2024\/09\/GSM-Banner-aus-Poster-Entwurf-smaller.jpg 1000w, https:\/\/kaalund.net\/getanzte-stadtmomente\/wp-content\/uploads\/2024\/09\/GSM-Banner-aus-Poster-Entwurf-smaller-300x141.jpg 300w, https:\/\/kaalund.net\/getanzte-stadtmomente\/wp-content\/uploads\/2024\/09\/GSM-Banner-aus-Poster-Entwurf-smaller-768x360.jpg 768w\" sizes=\"auto, (max-width: 1000px) 100vw, 1000px\" \/><\/figure>\n<\/div>\n\n\n\n<div class=\"wp-block-column is-layout-flow wp-block-column-is-layout-flow\">\n<figure class=\"wp-block-image size-full\"><img loading=\"lazy\" decoding=\"async\" width=\"1000\" height=\"469\" src=\"https:\/\/kaalund.net\/getanzte-stadtmomente\/wp-content\/uploads\/2024\/09\/GSM-Banner-Furth.jpg\" alt=\"\" class=\"wp-image-469\" srcset=\"https:\/\/kaalund.net\/getanzte-stadtmomente\/wp-content\/uploads\/2024\/09\/GSM-Banner-Furth.jpg 1000w, https:\/\/kaalund.net\/getanzte-stadtmomente\/wp-content\/uploads\/2024\/09\/GSM-Banner-Furth-300x141.jpg 300w, https:\/\/kaalund.net\/getanzte-stadtmomente\/wp-content\/uploads\/2024\/09\/GSM-Banner-Furth-768x360.jpg 768w\" sizes=\"auto, (max-width: 1000px) 100vw, 1000px\" \/><\/figure>\n<\/div>\n<\/div>\n\n\n\n<div style=\"height:13px\" aria-hidden=\"true\" class=\"wp-block-spacer\"><\/div>\n\n\n\n<p class=\"has-medium-font-size\"><strong>Getanzte Stadtmomente<\/strong> von Henrik Kaalund &#8211; eine Veranstaltung im Rahmen der <a href=\"https:\/\/www.nuernberg.de\/internet\/stadtverfuehrungen\/\" target=\"_blank\" rel=\"noreferrer noopener\">Stadt(ver)f\u00fchrungen 2024<\/a><\/p>\n\n\n\n<p>In der Stadt, auf einem Platz, vor einem Geb\u00e4ude oder einem Merkmal, stehen und gehen Menschen. Pl\u00f6tzlich bewegen sich mehrere davon absolut synchron, dann verhalten sie sich wieder wie alle anderen um sie herum. Um dann wenig sp\u00e4ter gleichzeitig wie Statuen zu stehen oder sich in Zeitlupe zu bewegen. Daraufhin schenken sie einem Merkmal oder einem Ereignis im Stadtbild besondere Aufmerksamkeit.<\/p>\n\n\n\n<p>Es sind mehrere T\u00e4nzerinnen und T\u00e4nzer auf eine Reise durch die Stadt, der man eingeladen ist zu folgen. Die Tanzenden sind, wie magisch, miteinander verbunden und nehmen Bezug auf die Eigenarten der Umgebung, akzentuieren die Merkmale und Pl\u00e4tze der Stadt. Folgen Sie dem roten Regenschirm zum n\u00e4chsten Ort und lernen Sie die Stadt neu kennen. <br><br><strong>Dauer: ca. 60 Min.<\/strong><\/p>\n\n\n\n<p>Die <strong>Reise in N\u00fcrnberg<\/strong> geht von der <strong>Panoramaplattform und Freiung<\/strong> der Kaiserburg, Burg 8, 90403 N\u00fcrnberg bis <strong>Henkersteg<\/strong>, 90403 N\u00fcrnberg <br>Freitag 20.9.24 um 16 Uhr<br>Samstag 21.9.24 um 16 Uhr<br>Sonntag 22.9.24 um 13 Uhr<\/p>\n\n\n<div class=\"wp-block-image\">\n<figure class=\"alignleft size-full is-resized\"><img loading=\"lazy\" decoding=\"async\" width=\"846\" height=\"1016\" src=\"https:\/\/kaalund.net\/getanzte-stadtmomente\/wp-content\/uploads\/2024\/09\/Paradies-Pavillon-3.jpg\" alt=\"\" class=\"wp-image-492\" style=\"width:411px;height:auto\" srcset=\"https:\/\/kaalund.net\/getanzte-stadtmomente\/wp-content\/uploads\/2024\/09\/Paradies-Pavillon-3.jpg 846w, https:\/\/kaalund.net\/getanzte-stadtmomente\/wp-content\/uploads\/2024\/09\/Paradies-Pavillon-3-250x300.jpg 250w, https:\/\/kaalund.net\/getanzte-stadtmomente\/wp-content\/uploads\/2024\/09\/Paradies-Pavillon-3-768x922.jpg 768w\" sizes=\"auto, (max-width: 846px) 100vw, 846px\" \/><\/figure>\n<\/div>\n\n\n<p>Die <strong>Reise in F\u00fcrth<\/strong> geht vom Pavillon der Dr. Konrad-Adenauer Anlage. <\/p>\n\n\n\n<p><strong>Nicht <\/strong>wie fr\u00fcher angek\u00fcndigt von <strong>Paradiesbrunnen<\/strong>, Dr.-Max-Grundig-Anlage, 90762 F\u00fcrth. <\/p>\n\n\n\n<p>Endpunkt ist <strong>Marktplatz<\/strong>, 90762 F\u00fcrth\u00a0<\/p>\n\n\n\n<p><br>Samstag 21.9.24 um 13 Uhr.<\/p>\n\n\n\n<div style=\"height:11px\" aria-hidden=\"true\" class=\"wp-block-spacer\"><\/div>\n\n\n<div class=\"wp-block-image\">\n<figure class=\"alignleft size-full is-resized\"><img loading=\"lazy\" decoding=\"async\" width=\"640\" height=\"401\" src=\"https:\/\/kaalund.net\/getanzte-stadtmomente\/wp-content\/uploads\/2024\/07\/Logo_Nuremberg.svg-640x401-1.png\" alt=\"\" class=\"wp-image-303\" style=\"width:138px;height:auto\" srcset=\"https:\/\/kaalund.net\/getanzte-stadtmomente\/wp-content\/uploads\/2024\/07\/Logo_Nuremberg.svg-640x401-1.png 640w, https:\/\/kaalund.net\/getanzte-stadtmomente\/wp-content\/uploads\/2024\/07\/Logo_Nuremberg.svg-640x401-1-300x188.png 300w\" sizes=\"auto, (max-width: 640px) 100vw, 640px\" \/><\/figure>\n<\/div>\n\n<div class=\"wp-block-image\">\n<figure class=\"alignleft size-full is-resized\"><img loading=\"lazy\" decoding=\"async\" width=\"817\" height=\"905\" src=\"https:\/\/lostintechnology.de\/wp-content\/uploads\/2024\/01\/FuerthStadt_4c.jpg\" alt=\"\" class=\"wp-image-184\" style=\"width:85px;height:auto\" srcset=\"https:\/\/kaalund.net\/getanzte-stadtmomente\/wp-content\/uploads\/2024\/01\/FuerthStadt_4c.jpg 817w, https:\/\/kaalund.net\/getanzte-stadtmomente\/wp-content\/uploads\/2024\/01\/FuerthStadt_4c-271x300.jpg 271w, https:\/\/kaalund.net\/getanzte-stadtmomente\/wp-content\/uploads\/2024\/01\/FuerthStadt_4c-768x851.jpg 768w\" sizes=\"auto, (max-width: 817px) 100vw, 817px\" \/><\/figure>\n<\/div>\n\n<div class=\"wp-block-image\">\n<figure class=\"alignleft size-large is-resized\"><img loading=\"lazy\" decoding=\"async\" width=\"1024\" height=\"871\" src=\"https:\/\/lostintechnology.de\/wp-content\/uploads\/2023\/12\/LOGO-TZ-schwarz-weiss-1024x871.png\" alt=\"\" class=\"wp-image-137\" style=\"width:112px;height:auto\" srcset=\"https:\/\/kaalund.net\/getanzte-stadtmomente\/wp-content\/uploads\/2023\/12\/LOGO-TZ-schwarz-weiss-1024x871.png 1024w, https:\/\/kaalund.net\/getanzte-stadtmomente\/wp-content\/uploads\/2023\/12\/LOGO-TZ-schwarz-weiss-300x255.png 300w, https:\/\/kaalund.net\/getanzte-stadtmomente\/wp-content\/uploads\/2023\/12\/LOGO-TZ-schwarz-weiss-768x653.png 768w, https:\/\/kaalund.net\/getanzte-stadtmomente\/wp-content\/uploads\/2023\/12\/LOGO-TZ-schwarz-weiss.png 1181w\" sizes=\"auto, (max-width: 1024px) 100vw, 1024px\" \/><\/figure>\n<\/div>\n\n\n<p><\/p>\n","protected":false},"excerpt":{"rendered":"<p>Projekt Getanzte Stadtmomente von Henrik Kaalund &#8211; eine Veranstaltung im Rahmen der Stadt(ver)f\u00fchrungen 2024 In der Stadt, auf einem Platz, vor einem Geb\u00e4ude oder einem Merkmal, stehen und gehen Menschen. Pl\u00f6tzlich bewegen sich mehrere davon absolut synchron, dann verhalten sie sich wieder wie alle anderen um sie herum. Um dann wenig sp\u00e4ter gleichzeitig wie Statuen&hellip;&nbsp;<a href=\"https:\/\/kaalund.net\/getanzte-stadtmomente\/\" class=\"\" rel=\"bookmark\">Read More &raquo;<span class=\"screen-reader-text\">Projekt<\/span><\/a><\/p>\n","protected":false},"author":1,"featured_media":0,"parent":0,"menu_order":0,"comment_status":"closed","ping_status":"closed","template":"","meta":{"neve_meta_sidebar":"","neve_meta_container":"","neve_meta_enable_content_width":"on","neve_meta_content_width":100,"neve_meta_title_alignment":"center","neve_meta_author_avatar":"","neve_post_elements_order":"","neve_meta_disable_header":"","neve_meta_disable_footer":"","neve_meta_disable_title":"on","footnotes":""},"class_list":["post-40","page","type-page","status-publish","hentry"],"jetpack_sharing_enabled":true,"_links":{"self":[{"href":"https:\/\/kaalund.net\/getanzte-stadtmomente\/index.php\/wp-json\/wp\/v2\/pages\/40","targetHints":{"allow":["GET"]}}],"collection":[{"href":"https:\/\/kaalund.net\/getanzte-stadtmomente\/index.php\/wp-json\/wp\/v2\/pages"}],"about":[{"href":"https:\/\/kaalund.net\/getanzte-stadtmomente\/index.php\/wp-json\/wp\/v2\/types\/page"}],"author":[{"embeddable":true,"href":"https:\/\/kaalund.net\/getanzte-stadtmomente\/index.php\/wp-json\/wp\/v2\/users\/1"}],"replies":[{"embeddable":true,"href":"https:\/\/kaalund.net\/getanzte-stadtmomente\/index.php\/wp-json\/wp\/v2\/comments?post=40"}],"version-history":[{"count":55,"href":"https:\/\/kaalund.net\/getanzte-stadtmomente\/index.php\/wp-json\/wp\/v2\/pages\/40\/revisions"}],"predecessor-version":[{"id":499,"href":"https:\/\/kaalund.net\/getanzte-stadtmomente\/index.php\/wp-json\/wp\/v2\/pages\/40\/revisions\/499"}],"wp:attachment":[{"href":"https:\/\/kaalund.net\/getanzte-stadtmomente\/index.php\/wp-json\/wp\/v2\/media?parent=40"}],"curies":[{"name":"wp","href":"https:\/\/api.w.org\/{rel}","templated":true}]}}