{"id":261,"date":"2024-04-14T12:58:18","date_gmt":"2024-04-14T12:58:18","guid":{"rendered":"https:\/\/lostintechnology.de\/?page_id=261"},"modified":"2024-09-04T10:18:44","modified_gmt":"2024-09-04T10:18:44","slug":"tickets","status":"publish","type":"page","link":"https:\/\/kaalund.net\/getanzte-stadtmomente\/index.php\/tickets\/","title":{"rendered":"Tickets"},"content":{"rendered":"\n<p>Hier die Infos zu den Ticket aus die Homepage der Stadt(ver)f\u00fchrungen: <a href=\"https:\/\/www.nuernberg.de\/internet\/stadtverfuehrungen\/tickets.html\">https:\/\/www.nuernberg.de\/internet\/stadtverfuehrungen\/tickets.html<\/a><a href=\"javascript:window.print()\"><\/a><\/p>\n\n\n\n<h2 class=\"wp-block-heading has-medium-font-size\">Das T\u00fcrmchen \u2013 Ihre Eintrittskarte zu den Stadt(ver)f\u00fchrungen<\/h2>\n\n\n\n<p>Das T\u00fcrmchen ist die Eintrittskarte f\u00fcr beliebig viele F\u00fchrungen am Veranstaltungswochenende. F\u00fcr einige F\u00fchrungen ben\u00f6tigen Sie zus\u00e4tzlich ein kostenfreies Anmeldeticket. Kinder unter 12 Jahren d\u00fcrfen in Begleitung Erwachsener kostenlos teilnehmen. Die teilnehmende Aufsichtsperson ben\u00f6tigt ein T\u00fcrmchen. T\u00fcrmchen sind vom Umtausch ausgeschlossen.<\/p>\n\n\n\n<p><a href=\"https:\/\/www.nuernberg.de\/internet\/stadtverfuehrungen\/anmeldetickets.html\">Weitere Informationen zu den Anmeldetickets<\/a><\/p>\n\n\n\n<h3 class=\"wp-block-heading has-medium-font-size\">Vorverkauf ab 26. Juli<\/h3>\n\n\n\n<p>Ab 26. Juli k\u00f6nnen Sie die T\u00fcrmchen f\u00fcr 10 \u20ac in den Vorverkaufsstellen sowie im Webshop erwerben.<\/p>\n\n\n\n<p><a href=\"https:\/\/www.nuernberg.de\/internet\/stadtverfuehrungen\/verkaufsstellen.html#9\">Weitere Informationen zu den Vorverkaufsstellen<\/a><\/p>\n\n\n\n<p><a href=\"https:\/\/kukuq.eventim-inhouse.de\/webshop\/webticket\/shop?item=347\" target=\"_blank\" rel=\"noreferrer noopener\">Zum Webshop<\/a><\/p>\n\n\n\n<h3 class=\"wp-block-heading has-medium-font-size\">Erm\u00e4\u00dfigungen<\/h3>\n\n\n\n<p>Abonnent*innen der N\u00fcrnberger Nachrichten und der N\u00fcrnberger Zeitung sowie der angeschlossenen Heimatzeitungen erhalten das T\u00fcrmchen im Vorverkauf bis einschlie\u00dflich 19. September in den Service-Centern in N\u00fcrnberg, F\u00fcrth, Erlangen, Hersbruck, Lauf und Schwabach gegen Vorlage ihrer ZAC-Karte f\u00fcr 8,50 \u20ac.<br><br>Inhaber*innen eines Sozialpasses erhalten das T\u00fcrmchen f\u00fcr 5 \u20ac. Der Rabatt gilt nur im Vorverkauf bis einschlie\u00dflich 14. September.<\/p>\n\n\n\n<h3 class=\"wp-block-heading has-medium-font-size\">Tageskasse vom 20. bis 22. September<\/h3>\n\n\n\n<p>Am Veranstaltungswochenende kostet das T\u00fcrmchen 12 \u20ac.<\/p>\n\n\n\n<p><a href=\"https:\/\/www.nuernberg.de\/internet\/stadtverfuehrungen\/verkaufsstellen.html#9\">Weitere Informationen zu den Tageskassen<\/a><\/p>\n\n\n\n<p style=\"font-size:23px\"><strong>Versammeln Sie sich bitte kurz vor der Performance um die Person unter dem roten Regenschirm. Sie bekommen eine kurze Info \u00fcber den Verlauf und Ihre Teilnahme wird registriert.<\/strong><\/p>\n","protected":false},"excerpt":{"rendered":"<p>Hier die Infos zu den Ticket aus die Homepage der Stadt(ver)f\u00fchrungen: https:\/\/www.nuernberg.de\/internet\/stadtverfuehrungen\/tickets.html Das T\u00fcrmchen \u2013 Ihre Eintrittskarte zu den Stadt(ver)f\u00fchrungen Das T\u00fcrmchen ist die Eintrittskarte f\u00fcr beliebig viele F\u00fchrungen am Veranstaltungswochenende. F\u00fcr einige F\u00fchrungen ben\u00f6tigen Sie zus\u00e4tzlich ein kostenfreies Anmeldeticket. Kinder unter 12 Jahren d\u00fcrfen in Begleitung Erwachsener kostenlos teilnehmen. Die teilnehmende Aufsichtsperson ben\u00f6tigt ein&hellip;&nbsp;<a href=\"https:\/\/kaalund.net\/getanzte-stadtmomente\/index.php\/tickets\/\" class=\"\" rel=\"bookmark\">Read More &raquo;<span class=\"screen-reader-text\">Tickets<\/span><\/a><\/p>\n","protected":false},"author":1,"featured_media":0,"parent":0,"menu_order":0,"comment_status":"closed","ping_status":"closed","template":"","meta":{"neve_meta_sidebar":"","neve_meta_container":"","neve_meta_enable_content_width":"","neve_meta_content_width":0,"neve_meta_title_alignment":"","neve_meta_author_avatar":"","neve_post_elements_order":"","neve_meta_disable_header":"","neve_meta_disable_footer":"","neve_meta_disable_title":"","footnotes":""},"class_list":["post-261","page","type-page","status-publish","hentry"],"jetpack_sharing_enabled":true,"_links":{"self":[{"href":"https:\/\/kaalund.net\/getanzte-stadtmomente\/index.php\/wp-json\/wp\/v2\/pages\/261","targetHints":{"allow":["GET"]}}],"collection":[{"href":"https:\/\/kaalund.net\/getanzte-stadtmomente\/index.php\/wp-json\/wp\/v2\/pages"}],"about":[{"href":"https:\/\/kaalund.net\/getanzte-stadtmomente\/index.php\/wp-json\/wp\/v2\/types\/page"}],"author":[{"embeddable":true,"href":"https:\/\/kaalund.net\/getanzte-stadtmomente\/index.php\/wp-json\/wp\/v2\/users\/1"}],"replies":[{"embeddable":true,"href":"https:\/\/kaalund.net\/getanzte-stadtmomente\/index.php\/wp-json\/wp\/v2\/comments?post=261"}],"version-history":[{"count":10,"href":"https:\/\/kaalund.net\/getanzte-stadtmomente\/index.php\/wp-json\/wp\/v2\/pages\/261\/revisions"}],"predecessor-version":[{"id":458,"href":"https:\/\/kaalund.net\/getanzte-stadtmomente\/index.php\/wp-json\/wp\/v2\/pages\/261\/revisions\/458"}],"wp:attachment":[{"href":"https:\/\/kaalund.net\/getanzte-stadtmomente\/index.php\/wp-json\/wp\/v2\/media?parent=261"}],"curies":[{"name":"wp","href":"https:\/\/api.w.org\/{rel}","templated":true}]}}